{"id":14,"date":"2017-05-23T09:22:01","date_gmt":"2017-05-23T07:22:01","guid":{"rendered":"http:\/\/localhost\/~paradise\/wordpress\/?page_id=8"},"modified":"2022-10-21T08:32:37","modified_gmt":"2022-10-21T08:32:37","slug":"home","status":"publish","type":"page","link":"https:\/\/temu.bsc.es\/socialdisner\/","title":{"rendered":"SocialDisNER"},"content":{"rendered":"\n<h3 class=\"wp-block-heading\"> SocialDisNER &#8211; Detection of disease mentions in tweets (in Spanish, SMM4H 2022 &#8211; Task 10)<\/h3>\n\n\n\n<h3 class=\"wp-block-heading\">Generated resources<\/h3>\n\n\n\n<ul class=\"wp-block-list\"><li>Data: <a href=\"https:\/\/doi.org\/10.5281\/zenodo.6803567\" target=\"_blank\" rel=\"noreferrer noopener\">Gold Standard, Large-scale Silver Standard, Co-mention Networks<\/a> &amp; <a href=\"https:\/\/doi.org\/10.5281\/zenodo.6983041\" target=\"_blank\" rel=\"noreferrer noopener\">Annotation Guidelines<\/a><\/li><li><a href=\"https:\/\/aclanthology.org\/volumes\/2022.smm4h-1\/\" target=\"_blank\" rel=\"noreferrer noopener\">Conference Proceedings<\/a><\/li><li><a href=\"https:\/\/www.youtube.com\/playlist?list=PL5uSCzf1azhChneGoxdYhIobk2MbfDBoU\" target=\"_blank\" rel=\"noreferrer noopener\">Youtube presentation<\/a><\/li><li><a href=\"https:\/\/temu.bsc.es\/socialdisner\/participant-systems\/\" target=\"_blank\" rel=\"noreferrer noopener\">Participant codes<\/a><\/li><\/ul>\n\n\n\n<h4 class=\"wp-block-heading\">Please, cite:<\/h4>\n\n\n\n<p>Luis Gasco S\u00e1nchez, Darryl Estrada Zavala, Eul\u00e0lia Farr\u00e9-Maduell, Salvador Lima-L\u00f3pez, Antonio Miranda-Escalada, and Martin Krallinger. 2022.\u00a0<a href=\"https:\/\/aclanthology.org\/2022.smm4h-1.48\">The SocialDisNER shared task on detection of disease mentions in health-relevant content from social media: methods, evaluation, guidelines and corpora<\/a>. In\u00a0<em>Proceedings of The Seventh Workshop on Social Media Mining for Health Applications, Workshop &amp; Shared Task<\/em>, pages 182\u2013189, Gyeongju, Republic of Korea. Association for Computational Linguistics.<\/p>\n\n\n\n<p><\/p>\n\n\n\n<pre class=\"wp-block-code\"><code>@inproceedings{gasco-sanchez-etal-2022-socialdisner,\n    title = \"The {S}ocial{D}is{NER} shared task on detection of disease mentions in health-relevant content from social media: methods, evaluation, guidelines and corpora\",\n    author = \"Gasco S{\\'a}nchez, Luis  and  Estrada Zavala, Darryl  and  Farr{\\'e}-Maduell, Eul{\\`a}lia  and  Lima-L{\\'o}pez, Salvador  and  Miranda-Escalada, Antonio  and  Krallinger, Martin\",\n    booktitle = \"Proceedings of The Seventh Workshop on Social Media Mining for Health Applications, Workshop {\\&amp;} Shared Task\",\n    month = oct,\n    year = \"2022\",\n    address = \"Gyeongju, Republic of Korea\",\n    publisher = \"Association for Computational Linguistics\",\n    url = \"https:\/\/aclanthology.org\/2022.smm4h-1.48\",\n    pages = \"182--189\"\n}<\/code><\/pre>\n\n\n\n<h3 class=\"wp-block-heading\">SocialDisNER Task overview<\/h3>\n\n\n\n<figure class=\"wp-block-image size-large\"><img loading=\"lazy\" decoding=\"async\" width=\"1024\" height=\"719\" src=\"https:\/\/temu.bsc.es\/socialdisner\/wp-content\/uploads\/2022\/06\/socialdisner-1-e1655451245411-1024x719.png\" alt=\"\" class=\"wp-image-4834\" srcset=\"https:\/\/temu.bsc.es\/socialdisner\/wp-content\/uploads\/2022\/06\/socialdisner-1-e1655451245411-1024x719.png 1024w, https:\/\/temu.bsc.es\/socialdisner\/wp-content\/uploads\/2022\/06\/socialdisner-1-e1655451245411-300x211.png 300w, https:\/\/temu.bsc.es\/socialdisner\/wp-content\/uploads\/2022\/06\/socialdisner-1-e1655451245411-768x539.png 768w, https:\/\/temu.bsc.es\/socialdisner\/wp-content\/uploads\/2022\/06\/socialdisner-1-e1655451245411-1536x1078.png 1536w, https:\/\/temu.bsc.es\/socialdisner\/wp-content\/uploads\/2022\/06\/socialdisner-1-e1655451245411-2048x1437.png 2048w\" sizes=\"auto, (max-width: 1024px) 100vw, 1024px\" \/><\/figure>\n\n\n\n<h3 class=\"wp-block-heading\">About the task<\/h3>\n\n\n\n<p><strong>Mining social media content for disease mentions<\/strong> (<strong>SocialDisNER<\/strong>) [in Spanish language]. This task will focus on the recognition of disease mentions in tweets written in Spanish after selecting primarily<strong><em> first-hand experience of diseases<\/em><\/strong> and other health-relevant content (from patient associations and professional healthcare institutions).<\/p>\n\n\n\n<p>The aim is to use social media as a proxy to better understand societal perception of disease, from rare immunological and genetic diseases such as cystic fibrosis, highly prevalent conditions such as cancer and diabetes, to often controversial diagnoses such as fibromyalgia and even mental health disorders.<\/p>\n\n\n\n<p>Automatic data selection actively retrieved posts with personal messages and from patient associations. Thus, the SocialDisNER shared task will enable training deep learning named entity recognition approaches to detect <em>all kinds<\/em> of disease mentions in social media, including both lay and professional language.<\/p>\n\n\n\n<p>The Social Media Mining for Health Applications (#SMM4H) Shared Task 2022 invites researchers to develop systems to solve health informatics challenges for social media. The 10th track of the task focuses on the identification of disease mentions in Spanish tweets.<\/p>\n\n\n\n<p>This webpage is devoted to the Spanish part of this multilingual track (i.e. identification of diseases in Spanish tweets enriched with patient and healthcare professional social media content).<\/p>\n\n\n\n<p>There will only be a single sub-track:<\/p>\n\n\n\n<ul class=\"wp-block-list\"><li><strong>NER offset detection and classification. Participants must find the beginning and end of disease mentions<\/strong>. <\/li><\/ul>\n\n\n\n<figure class=\"wp-block-image size-large\"><img loading=\"lazy\" decoding=\"async\" width=\"1024\" height=\"167\" src=\"https:\/\/temu.bsc.es\/socialdisner\/wp-content\/uploads\/2022\/03\/Screenshot-from-2022-03-01-15-40-15-1024x167.png\" alt=\"\" class=\"wp-image-4668\" srcset=\"https:\/\/temu.bsc.es\/socialdisner\/wp-content\/uploads\/2022\/03\/Screenshot-from-2022-03-01-15-40-15-1024x167.png 1024w, https:\/\/temu.bsc.es\/socialdisner\/wp-content\/uploads\/2022\/03\/Screenshot-from-2022-03-01-15-40-15-300x49.png 300w, https:\/\/temu.bsc.es\/socialdisner\/wp-content\/uploads\/2022\/03\/Screenshot-from-2022-03-01-15-40-15-768x125.png 768w, https:\/\/temu.bsc.es\/socialdisner\/wp-content\/uploads\/2022\/03\/Screenshot-from-2022-03-01-15-40-15-1536x251.png 1536w, https:\/\/temu.bsc.es\/socialdisner\/wp-content\/uploads\/2022\/03\/Screenshot-from-2022-03-01-15-40-15.png 1998w\" sizes=\"auto, (max-width: 1024px) 100vw, 1024px\" \/><\/figure>\n\n\n\n<div class=\"wp-block-group\"><div class=\"wp-block-group__inner-container is-layout-flow wp-block-group-is-layout-flow\"><\/div><\/div>\n\n\n\n<div class=\"wp-block-group\"><div class=\"wp-block-group__inner-container is-layout-flow wp-block-group-is-layout-flow\"><\/div><\/div>\n\n\n\n<p>The SMM4H 2022 general webpage can be accessed <a rel=\"noreferrer noopener\" href=\"https:\/\/healthlanguageprocessing.org\/smm4h-2022\/\" target=\"_blank\">here<\/a>.<\/p>\n\n\n\n<p>#SMM4H is held as part of the <a href=\"https:\/\/coling2022.org\/accepted\" data-type=\"URL\" data-id=\"https:\/\/coling2022.org\/accepted\" target=\"_blank\" rel=\"noreferrer noopener\">29Th International conference on computational linguistics.<\/a><\/p>\n","protected":false},"excerpt":{"rendered":"<p>SocialDisNER &#8211; Detection of disease mentions in tweets (in Spanish, SMM4H 2022 &#8211; Task 10) Generated resources Data: Gold Standard, Large-scale Silver Standard, Co-mention Networks &amp; Annotation Guidelines Conference Proceedings Youtube presentation Participant codes Please, cite: Luis Gasco S\u00e1nchez, Darryl Estrada Zavala, Eul\u00e0lia Farr\u00e9-Maduell, Salvador Lima-L\u00f3pez, Antonio Miranda-Escalada, and Martin Krallinger. 2022.\u00a0The SocialDisNER shared task [&hellip;]<\/p>\n","protected":false},"author":1,"featured_media":0,"parent":0,"menu_order":0,"comment_status":"closed","ping_status":"closed","template":"","meta":{"footnotes":""},"class_list":["post-14","page","type-page","status-publish","hentry"],"_links":{"self":[{"href":"https:\/\/temu.bsc.es\/socialdisner\/wp-json\/wp\/v2\/pages\/14","targetHints":{"allow":["GET"]}}],"collection":[{"href":"https:\/\/temu.bsc.es\/socialdisner\/wp-json\/wp\/v2\/pages"}],"about":[{"href":"https:\/\/temu.bsc.es\/socialdisner\/wp-json\/wp\/v2\/types\/page"}],"author":[{"embeddable":true,"href":"https:\/\/temu.bsc.es\/socialdisner\/wp-json\/wp\/v2\/users\/1"}],"replies":[{"embeddable":true,"href":"https:\/\/temu.bsc.es\/socialdisner\/wp-json\/wp\/v2\/comments?post=14"}],"version-history":[{"count":34,"href":"https:\/\/temu.bsc.es\/socialdisner\/wp-json\/wp\/v2\/pages\/14\/revisions"}],"predecessor-version":[{"id":4883,"href":"https:\/\/temu.bsc.es\/socialdisner\/wp-json\/wp\/v2\/pages\/14\/revisions\/4883"}],"wp:attachment":[{"href":"https:\/\/temu.bsc.es\/socialdisner\/wp-json\/wp\/v2\/media?parent=14"}],"curies":[{"name":"wp","href":"https:\/\/api.w.org\/{rel}","templated":true}]}}