{"id":5,"date":"2023-01-09T14:51:36","date_gmt":"2023-01-09T14:51:36","guid":{"rendered":"https:\/\/temu.bsc.es\/pln_salud\/?page_id=5"},"modified":"2023-01-24T12:54:17","modified_gmt":"2023-01-24T12:54:17","slug":"home","status":"publish","type":"page","link":"https:\/\/temu.bsc.es\/pln_salud\/","title":{"rendered":"Inicio"},"content":{"rendered":"\n<h1 class=\"wp-block-heading\">Infoday PLN en Salud 2023<\/h1>\n\n\n\n<p>Esta p\u00e1gina recoge la informaci\u00f3n y recursos relativos al <strong>Infoday sobre uso de Procesamiento del Lenguaje Natural (PLN) y Tecnolog\u00edas del Lenguaje en el \u00e1mbito de la salud<\/strong> celebrado el 13 de enero de 2023 por el Barcelona Supercomputing Center en conjunto con el Hospital Cl\u00ednic de Barcelona. Tambi\u00e9n se recoger\u00e1n en esta web el <strong>corpus, herramientas y documentaci\u00f3n CARMEN-I<\/strong>.<\/p>\n\n\n\n<p class=\"has-luminous-vivid-amber-background-color has-background\"><strong>NUEVO 23\/01\/2023<\/strong>: Agenda actualizada con enlaces a los v\u00eddeos y diapositivas de cada sesi\u00f3n.<\/p>\n\n\n\n<h2 class=\"wp-block-heading\">Motivaci\u00f3n del evento<\/h2>\n\n\n\n<p>Los recientes avances en IA, t\u00e9cnicas de aprendizaje profundo, as\u00ed como PLN, y, en especial, el acceso y uso de modelos del lenguaje han facilitado mejoras significativas en la calidad de sistemas de procesamiento de texto. <\/p>\n\n\n\n<p>Estas mejoras se est\u00e1n aprovechando en una diversidad de aplicaciones tecnol\u00f3gicas, tales como traducci\u00f3n autom\u00e1tica, sistemas de pregunta-respuesta, asistentes virtuales, buscadores y herramientas de etiquetado sem\u00e1ntico y anal\u00edtica de datos. <\/p>\n\n\n\n<p>En el sector de la salud, el mayor obst\u00e1culo para el uso de estas tecnolog\u00edas e incorporaci\u00f3n de los consiguientes resultados  con fines relacionados con la gesti\u00f3n y mejora de la calidad asistencial o investigaci\u00f3n cl\u00ednica es la dificultad de acceder a muestras de datos que sirvan para el desarrollo, validaci\u00f3n y adaptaci\u00f3n de sistemas de PLN cl\u00ednicos. <\/p>\n\n\n\n<p>El acceso a un conjunto de datos de historia cl\u00ednica anonimizada, como es el caso del dataset MIMIC-III para textos cl\u00ednicos en ingl\u00e9s, ha facilitado el desarrollo tecnol\u00f3gico de un n\u00famero significativo de soluciones tanto acad\u00e9micas como comerciales para una diversidad de aplicaciones cl\u00ednicas y constituye por lo tanto un motor en el desarrollo y avance tecnol\u00f3gico de IA adaptado al entorno cl\u00ednico.<\/p>\n\n\n\n<p>Por ello, y en el contexto del Plan de Impulso de las Tecnolog\u00edas del Lenguaje (Plan TL) promovido por la Secretar\u00eda de Estado de Digitalizaci\u00f3n e Inteligencia Artificial (SEDIA) y del convenio entre el Barcelona Supercomputing Center y el Hospital Cl\u00ednic de Barcelona, se ha generado el primer corpus anonimizado de distintos tipos de informes cl\u00ednicos en espa\u00f1ol, llamado <strong>CARMEN-I<\/strong> (Corpus of Anonymized Records for Medical information ExtractioN). <\/p>\n\n\n\n<p>El objetivo de <strong>CARMEN-I <\/strong>es servir como conjunto o base de datos de salud de libre acceso que permita la aplicaci\u00f3n de la IA en salud, y que sirva como recurso con una adecuada estructura de informaci\u00f3n (modelo de extensiones, conformidad y versionado) para la creaci\u00f3n de componentes de PLN cl\u00ednicos debidamente documentados, evaluados y licenciados. <\/p>\n\n\n\n<p>Este recurso se har\u00e1 accesible p\u00fablicamente, junto con el protocolo y gu\u00edas de anonimizaci\u00f3n, con el fin de fomentar el desarrollo de tecnolog\u00edas del lenguaje e IA aplicadas a datos cl\u00ednicos y ofrecer unas gu\u00edas y normas que sirvan para el proceso de anonimizaci\u00f3n de datos sensibles. El objetivo de este recurso, no es solo impulsar el desarrollo tecnol\u00f3gico de sistemas de PLN cl\u00ednico, sino tambi\u00e9n servir como base t\u00e9cnica para facilitar el proceso de creaci\u00f3n de datos anonimizados a nivel nacional e internacional, en especial para latinoam\u00e9rica y pa\u00edses con datos en lenguas romances. <\/p>\n\n\n\n<p>Con el fin de presentar CARMEN-I, junto con los protocolos de generaci\u00f3n de datos anotados y herramientas de alto impacto para el procesado de HCE en espa\u00f1ol, este Infoday contar\u00e1 con dos sesiones, una relacionada con la creaci\u00f3n de este conjunto de datos anonimizados y otra para la extracci\u00f3n autom\u00e1tica de informaci\u00f3n cl\u00ednica de textos, contando con colaboradores, expertos, hospitales y representantes de empresas relacionadas con este sector. <\/p>\n\n\n\n<p>Este evento tambi\u00e9n tiene como objetivo contribuir a la formaci\u00f3n y difusi\u00f3n de tecnolog\u00edas del lenguaje aplicadas al sector de salud, tanto para el entorno de la industria como el sector acad\u00e9mico y expertos sanitarios e investigadores.<\/p>\n","protected":false},"excerpt":{"rendered":"<p>Infoday PLN en Salud 2023 Esta p\u00e1gina recoge la informaci\u00f3n y recursos relativos al Infoday sobre uso de Procesamiento del Lenguaje Natural (PLN) y Tecnolog\u00edas del Lenguaje en el \u00e1mbito de la salud celebrado el 13 de enero de 2023 por el Barcelona Supercomputing Center en conjunto con el Hospital Cl\u00ednic de Barcelona. Tambi\u00e9n se [&hellip;]<\/p>\n","protected":false},"author":1,"featured_media":0,"parent":0,"menu_order":0,"comment_status":"closed","ping_status":"closed","template":"","meta":{"footnotes":""},"class_list":["post-5","page","type-page","status-publish","hentry"],"_links":{"self":[{"href":"https:\/\/temu.bsc.es\/pln_salud\/wp-json\/wp\/v2\/pages\/5","targetHints":{"allow":["GET"]}}],"collection":[{"href":"https:\/\/temu.bsc.es\/pln_salud\/wp-json\/wp\/v2\/pages"}],"about":[{"href":"https:\/\/temu.bsc.es\/pln_salud\/wp-json\/wp\/v2\/types\/page"}],"author":[{"embeddable":true,"href":"https:\/\/temu.bsc.es\/pln_salud\/wp-json\/wp\/v2\/users\/1"}],"replies":[{"embeddable":true,"href":"https:\/\/temu.bsc.es\/pln_salud\/wp-json\/wp\/v2\/comments?post=5"}],"version-history":[{"count":13,"href":"https:\/\/temu.bsc.es\/pln_salud\/wp-json\/wp\/v2\/pages\/5\/revisions"}],"predecessor-version":[{"id":69,"href":"https:\/\/temu.bsc.es\/pln_salud\/wp-json\/wp\/v2\/pages\/5\/revisions\/69"}],"wp:attachment":[{"href":"https:\/\/temu.bsc.es\/pln_salud\/wp-json\/wp\/v2\/media?parent=5"}],"curies":[{"name":"wp","href":"https:\/\/api.w.org\/{rel}","templated":true}]}}