{"id":17,"date":"2023-01-09T15:45:36","date_gmt":"2023-01-09T15:45:36","guid":{"rendered":"https:\/\/temu.bsc.es\/pln_salud\/?page_id=17"},"modified":"2023-01-20T08:37:08","modified_gmt":"2023-01-20T08:37:08","slug":"recursos","status":"publish","type":"page","link":"https:\/\/temu.bsc.es\/pln_salud\/recursos\/","title":{"rendered":"Recursos"},"content":{"rendered":"\n<h1 class=\"wp-block-heading\">Recursos<\/h1>\n\n\n\n<p>Esta p\u00e1gina se actualizar\u00e1 en abril con enlaces a los recursos CARMEN-I: corpus anonimizado, anotaci\u00f3n sem\u00e1ntica, gu\u00edas, protocolo, &#8230; <\/p>\n","protected":false},"excerpt":{"rendered":"<p>Recursos Esta p\u00e1gina se actualizar\u00e1 en abril con enlaces a los recursos CARMEN-I: corpus anonimizado, anotaci\u00f3n sem\u00e1ntica, gu\u00edas, protocolo, &#8230;<\/p>\n","protected":false},"author":1,"featured_media":0,"parent":0,"menu_order":0,"comment_status":"closed","ping_status":"closed","template":"","meta":{"footnotes":""},"class_list":["post-17","page","type-page","status-publish","hentry"],"_links":{"self":[{"href":"https:\/\/temu.bsc.es\/pln_salud\/wp-json\/wp\/v2\/pages\/17","targetHints":{"allow":["GET"]}}],"collection":[{"href":"https:\/\/temu.bsc.es\/pln_salud\/wp-json\/wp\/v2\/pages"}],"about":[{"href":"https:\/\/temu.bsc.es\/pln_salud\/wp-json\/wp\/v2\/types\/page"}],"author":[{"embeddable":true,"href":"https:\/\/temu.bsc.es\/pln_salud\/wp-json\/wp\/v2\/users\/1"}],"replies":[{"embeddable":true,"href":"https:\/\/temu.bsc.es\/pln_salud\/wp-json\/wp\/v2\/comments?post=17"}],"version-history":[{"count":3,"href":"https:\/\/temu.bsc.es\/pln_salud\/wp-json\/wp\/v2\/pages\/17\/revisions"}],"predecessor-version":[{"id":54,"href":"https:\/\/temu.bsc.es\/pln_salud\/wp-json\/wp\/v2\/pages\/17\/revisions\/54"}],"wp:attachment":[{"href":"https:\/\/temu.bsc.es\/pln_salud\/wp-json\/wp\/v2\/media?parent=17"}],"curies":[{"name":"wp","href":"https:\/\/api.w.org\/{rel}","templated":true}]}}