{"id":35,"date":"2023-01-26T14:58:32","date_gmt":"2023-01-26T13:58:32","guid":{"rendered":"https:\/\/temu.bsc.es\/medprocner\/?page_id=35"},"modified":"2023-09-14T17:08:07","modified_gmt":"2023-09-14T15:08:07","slug":"publications","status":"publish","type":"page","link":"https:\/\/temu.bsc.es\/medprocner\/publications\/","title":{"rendered":"Publications"},"content":{"rendered":"\n<h1 class=\"wp-block-heading\">Publications<\/h1>\n\n\n\n<p>The publications resulting from the BioASQ Workshop and MedProcNER task are now live. <\/p>\n\n\n\n<ul class=\"wp-block-list\">\n<li>General overview of the BioASQ Workshop: <a href=\"https:\/\/arxiv.org\/abs\/2307.05131\">ArXiv<\/a><\/li>\n\n\n\n<li>MedProcNER Task Overview: <a href=\"https:\/\/www.dei.unipd.it\/~faggioli\/temp\/CLEF2023-proceedings\/paper-002.pdf\">CLEF 2023 Proceedings<\/a><\/li>\n\n\n\n<li>Participant papers: <a href=\"https:\/\/www.dei.unipd.it\/~faggioli\/temp\/CLEF2023-proceedings\/\">CLEF 2023 Proceedings<\/a><\/li>\n<\/ul>\n\n\n\n<p>To cite the BioASQ overview, please use:<\/p>\n\n\n\n<blockquote class=\"wp-block-quote is-layout-flow wp-block-quote-is-layout-flow\">\n<p>@misc{nentidis2023overview,<br>title={Overview of BioASQ 2023: The eleventh BioASQ challenge on Large-Scale Biomedical Semantic Indexing and Question Answering},<br>author={Anastasios Nentidis and Georgios Katsimpras and Anastasia Krithara and Salvador Lima L\u00f3pez and Eul\u00e1lia Farr\u00e9-Maduell and Luis Gasco and Martin Krallinger and Georgios Paliouras},<br>year={2023},<br>eprint={2307.05131},<br>archivePrefix={arXiv},<br>primaryClass={cs.CL}<br>}<\/p>\n<\/blockquote>\n\n\n\n<p>To cite the MedProcNER overview, please use:<\/p>\n\n\n\n<blockquote class=\"wp-block-quote is-layout-flow wp-block-quote-is-layout-flow\">\n<div class=\"wp-block-group is-vertical is-layout-flex wp-container-core-group-is-layout-8cf370e7 wp-block-group-is-layout-flex\">\n<p>@inproceedings{lima2023overview,<\/p>\n\n\n\n<p>title={{Overview of MedProcNER task on medical procedure detection and entity linking at BioASQ 2023}},<\/p>\n\n\n\n<p>author={Lima-L{\\&#8217;o}pez, Salvador and Farr{\\&#8217;e}-Maduell, Eul{\\`a}lia and Gasc{\\&#8217;o}, Luis and Nentidis, Anastasios and Krithara, Anastasia and Katsimpras, Georgios and Paliouras, Georgios and Krallinger, Martin},<\/p>\n\n\n\n<p>booktitle={{Working Notes of CLEF 2023 &#8211; Conference and Labs of the Evaluation Forum}}<\/p>\n\n\n\n<p>year={2023}<\/p>\n\n\n\n<p>}<\/p>\n<\/div>\n<\/blockquote>\n","protected":false},"excerpt":{"rendered":"<p>Publications The publications resulting from the BioASQ Workshop and MedProcNER task are now live. To cite the BioASQ overview, please use: @misc{nentidis2023overview,title={Overview of BioASQ 2023: The eleventh BioASQ challenge on Large-Scale Biomedical Semantic Indexing and Question Answering},author={Anastasios Nentidis and Georgios Katsimpras and Anastasia Krithara and Salvador Lima L\u00f3pez and Eul\u00e1lia Farr\u00e9-Maduell and Luis Gasco and [&hellip;]<\/p>\n","protected":false},"author":1,"featured_media":0,"parent":0,"menu_order":0,"comment_status":"closed","ping_status":"closed","template":"","meta":{"footnotes":""},"class_list":["post-35","page","type-page","status-publish","hentry"],"_links":{"self":[{"href":"https:\/\/temu.bsc.es\/medprocner\/wp-json\/wp\/v2\/pages\/35","targetHints":{"allow":["GET"]}}],"collection":[{"href":"https:\/\/temu.bsc.es\/medprocner\/wp-json\/wp\/v2\/pages"}],"about":[{"href":"https:\/\/temu.bsc.es\/medprocner\/wp-json\/wp\/v2\/types\/page"}],"author":[{"embeddable":true,"href":"https:\/\/temu.bsc.es\/medprocner\/wp-json\/wp\/v2\/users\/1"}],"replies":[{"embeddable":true,"href":"https:\/\/temu.bsc.es\/medprocner\/wp-json\/wp\/v2\/comments?post=35"}],"version-history":[{"count":6,"href":"https:\/\/temu.bsc.es\/medprocner\/wp-json\/wp\/v2\/pages\/35\/revisions"}],"predecessor-version":[{"id":248,"href":"https:\/\/temu.bsc.es\/medprocner\/wp-json\/wp\/v2\/pages\/35\/revisions\/248"}],"wp:attachment":[{"href":"https:\/\/temu.bsc.es\/medprocner\/wp-json\/wp\/v2\/media?parent=35"}],"curies":[{"name":"wp","href":"https:\/\/api.w.org\/{rel}","templated":true}]}}