{"id":29,"date":"2020-12-23T15:27:44","date_gmt":"2020-12-23T15:27:44","guid":{"rendered":"https:\/\/temu.bsc.es\/meddoprof\/?page_id=29"},"modified":"2024-11-26T16:03:57","modified_gmt":"2024-11-26T15:03:57","slug":"home","status":"publish","type":"page","link":"https:\/\/temu.bsc.es\/meddoprof\/","title":{"rendered":"Home"},"content":{"rendered":"\n<h1 class=\"wp-block-heading\"><strong>MEDDOPROF: MEDical DOcuments PROFessions recognition shared task<\/strong><\/h1>\n\n\n\n<blockquote class=\"wp-block-quote is-layout-flow wp-block-quote-is-layout-flow\">\n<p>The <strong>MEDDOPROF Track<\/strong>\u00a0is sponsored by <a href=\"https:\/\/www.plantl.gob.es\/Paginas\/index.aspx\" target=\"_blank\" rel=\"noreferrer noopener\"><strong>Plan de Impulso de las Tecnolog\u00edas del Lenguaje (Plan TL)<\/strong><\/a> and the Spanish National Proyectos I+D+i 2020 AI4ProfHealth project PID2020-119266RA-I00 (<strong>PID2020-119266RA-I0\/AEI\/10.13039\/501100011033)<\/strong> and is part of the <a href=\"https:\/\/sites.google.com\/view\/iberlef2021\">IberLEF 2021 evaluation campaign<\/a>.<\/p>\n<\/blockquote>\n\n\n\n<div class=\"wp-block-group\"><div class=\"wp-block-group__inner-container is-layout-flow wp-block-group-is-layout-flow\">\n<h2 class=\"wp-block-heading\">Generated Resources<\/h2>\n\n\n\n<ul class=\"wp-block-list\">\n<li>Data: <a href=\"https:\/\/doi.org\/10.5281\/zenodo.5070540\">Gold Standard<\/a> and <a href=\"https:\/\/doi.org\/10.5281\/zenodo.4694675\">Annotation Guidelines<\/a><\/li>\n\n\n\n<li><a href=\"http:\/\/ceur-ws.org\/Vol-2943\">Conference Proceedings<\/a><\/li>\n\n\n\n<li><a href=\"https:\/\/youtube.com\/playlist?list=PL5uSCzf1azhCBOIVaT_icDnpPajTbqz5I\" target=\"_blank\" rel=\"noreferrer noopener\">YouTube presentations<\/a><\/li>\n<\/ul>\n\n\n\n<p><strong>Please, cite us as:<\/strong><\/p>\n\n\n\n<p>Lima-L\u00f3pez, Salvador, Eul\u00e0lia Farr\u00e9-Maduell, Antonio Miranda-Escalada, Vicent Briv\u00e1-Iglesias, &amp; Martin Krallinger. &#8220;NLP applied to occupational health: MEDDOPROF shared task at IberLEF 2021 on automatic recognition, classification and normalization of professions and occupations from medical texts.&#8221; <em>Procesamiento del Lenguaje Natural<\/em> [Online], 67 (2021): 243-256.<\/p>\n\n\n\n<pre class=\"wp-block-preformatted\">@article{meddoprof,\ntitle={NLP applied to occupational health: MEDDOPROF shared task at IberLEF 2021 on automatic recognition, classification and normalization of professions and occupations from medical texts},\nauthor={Lima-L\u00f3pez, Salvador and Farr\u00e9-Maduell, Eul\u00e0lia and Miranda-Escalada, Antonio and Briv\u00e1-Iglesias, Vicent and Krallinger, Martin},\njournal = {Procesamiento del Lenguaje Natural}, volume = {67}, year={2021}, issn = {1989-7553},\nurl = {http:\/\/journal.sepln.org\/sepln\/ojs\/ojs\/index.php\/pln\/article\/view\/6393}, pages = {243--256}}<\/pre>\n<\/div><\/div>\n\n\n<div class=\"wp-block-image\">\n<figure class=\"aligncenter size-large\"><img loading=\"lazy\" decoding=\"async\" width=\"675\" height=\"540\" src=\"https:\/\/temu.bsc.es\/meddoprof\/wp-content\/uploads\/2021\/05\/meddoprof-figure.png\" alt=\"\" class=\"wp-image-325\" srcset=\"https:\/\/temu.bsc.es\/meddoprof\/wp-content\/uploads\/2021\/05\/meddoprof-figure.png 675w, https:\/\/temu.bsc.es\/meddoprof\/wp-content\/uploads\/2021\/05\/meddoprof-figure-300x240.png 300w\" sizes=\"auto, (max-width: 675px) 100vw, 675px\" \/><figcaption class=\"wp-element-caption\">Figure 1. Overview of the Shared Task<\/figcaption><\/figure>\n<\/div>\n\n\n<h2 class=\"wp-block-heading\">About the task<\/h2>\n\n\n\n<p><strong>Professions<\/strong> and <strong>employment status<\/strong> are crucial to our identity.&nbsp; As children, we are often asked what we want to do when we grow up. Occupations have a radical impact on <strong>physical and mental health, habits and lifestyle choices<\/strong>. An entire medical specialty, occupational medicine, is needed for the prevention and management of the deleterious effects of our jobs on health (workplace accidents, short and long-term effect of exposition to toxic substances and pathogens, work-related mental health issues such as overburden and stress). The COVID-19 pandemic has also underscored this influence, as many people with specific occupations have been specially affected (for instance, health professionals and other essential workers). Unemployment, working illegally or temporary and precarious&nbsp;job conditions are other elements that can greatly affect people\u2019s lives.<\/p>\n\n\n\n<p>Tools that automatically detect these <strong>sociodemographic factors<\/strong> can help researchers to better characterize multiple health aspects related to specific occupations. However, up until now these entities have mostly been ignored. The MEDDOPROF Shared Task takes a more comprehensive look at occupations, also considering employment statuses and non-paid activities.<\/p>\n\n\n\n<p>Outside medicine, we anticipate the use of systems resulting from MEDDOPROF may be used in fields such as social care, human resources, legal NLP and even gender studies. Other NLP tasks such as anonymization might also benefit from having more exhaustive annotated data in this regard.<\/p>\n\n\n\n<figure class=\"wp-block-image size-large\"><img loading=\"lazy\" decoding=\"async\" width=\"955\" height=\"574\" src=\"https:\/\/temu.bsc.es\/meddoprof\/wp-content\/uploads\/2021\/05\/meddoprof-examples-1.png\" alt=\"\" class=\"wp-image-314\" srcset=\"https:\/\/temu.bsc.es\/meddoprof\/wp-content\/uploads\/2021\/05\/meddoprof-examples-1.png 955w, https:\/\/temu.bsc.es\/meddoprof\/wp-content\/uploads\/2021\/05\/meddoprof-examples-1-300x180.png 300w, https:\/\/temu.bsc.es\/meddoprof\/wp-content\/uploads\/2021\/05\/meddoprof-examples-1-768x462.png 768w\" sizes=\"auto, (max-width: 955px) 100vw, 955px\" \/><figcaption class=\"wp-element-caption\">Figure 2. Examples from the MEDDOPROF corpus related to multiple use cases. [Full text: <a href=\"https:\/\/temu.bsc.es\/meddoprof\/wp-content\/uploads\/2021\/05\/ex-1-fulltext.png\">(1<\/a>), <a rel=\"noreferrer noopener\" href=\"https:\/\/temu.bsc.es\/meddoprof\/wp-content\/uploads\/2021\/05\/ex-2-fulltext.png\" data-type=\"URL\" data-id=\"https:\/\/temu.bsc.es\/meddoprof\/wp-content\/uploads\/2021\/05\/ex-2-fulltext.png\" target=\"_blank\">(2<\/a>), <a rel=\"noreferrer noopener\" href=\"https:\/\/temu.bsc.es\/meddoprof\/wp-content\/uploads\/2021\/05\/ex-3-fulltext.png\" target=\"_blank\">(3<\/a>)]<\/figcaption><\/figure>\n","protected":false},"excerpt":{"rendered":"<p>MEDDOPROF: MEDical DOcuments PROFessions recognition shared task The MEDDOPROF Track\u00a0is sponsored by Plan de Impulso de las Tecnolog\u00edas del Lenguaje (Plan TL) and the Spanish National Proyectos I+D+i 2020 AI4ProfHealth project PID2020-119266RA-I00 (PID2020-119266RA-I0\/AEI\/10.13039\/501100011033) and is part of the IberLEF 2021 evaluation campaign. Generated Resources Please, cite us as: Lima-L\u00f3pez, Salvador, Eul\u00e0lia Farr\u00e9-Maduell, Antonio Miranda-Escalada, Vicent [&hellip;]<\/p>\n","protected":false},"author":1,"featured_media":0,"parent":0,"menu_order":0,"comment_status":"closed","ping_status":"closed","template":"","meta":{"footnotes":""},"class_list":["post-29","page","type-page","status-publish","hentry"],"_links":{"self":[{"href":"https:\/\/temu.bsc.es\/meddoprof\/wp-json\/wp\/v2\/pages\/29","targetHints":{"allow":["GET"]}}],"collection":[{"href":"https:\/\/temu.bsc.es\/meddoprof\/wp-json\/wp\/v2\/pages"}],"about":[{"href":"https:\/\/temu.bsc.es\/meddoprof\/wp-json\/wp\/v2\/types\/page"}],"author":[{"embeddable":true,"href":"https:\/\/temu.bsc.es\/meddoprof\/wp-json\/wp\/v2\/users\/1"}],"replies":[{"embeddable":true,"href":"https:\/\/temu.bsc.es\/meddoprof\/wp-json\/wp\/v2\/comments?post=29"}],"version-history":[{"count":43,"href":"https:\/\/temu.bsc.es\/meddoprof\/wp-json\/wp\/v2\/pages\/29\/revisions"}],"predecessor-version":[{"id":395,"href":"https:\/\/temu.bsc.es\/meddoprof\/wp-json\/wp\/v2\/pages\/29\/revisions\/395"}],"wp:attachment":[{"href":"https:\/\/temu.bsc.es\/meddoprof\/wp-json\/wp\/v2\/media?parent=29"}],"curies":[{"name":"wp","href":"https:\/\/api.w.org\/{rel}","templated":true}]}}