{"id":26,"date":"2023-01-26T14:53:16","date_gmt":"2023-01-26T13:53:16","guid":{"rendered":"https:\/\/temu.bsc.es\/meddoplace\/?page_id=26"},"modified":"2023-04-28T09:45:35","modified_gmt":"2023-04-28T07:45:35","slug":"publications","status":"publish","type":"page","link":"https:\/\/temu.bsc.es\/meddoplace\/publications\/","title":{"rendered":"Publications"},"content":{"rendered":"\n<h1 class=\"wp-block-heading\">Publications<\/h1>\n\n\n\n<p>The MEDDOPLACE proceedings, as well participant papers, will be posted in this page after their publication. IberLEF 2023 Proceedings including the description of the participating systems will be published at CEUR-WS.org, while the Task Overviews will be published in the journal <em>Natural Language Processing<\/em> (<a rel=\"noreferrer noopener\" href=\"http:\/\/www.google.com\/url?q=http%3A%2F%2Fwww.sepln.org%2Fen%2Fjournal&amp;sa=D&amp;sntz=1&amp;usg=AOvVaw0s6yOnHMmza3jHY5Ypdm-q\" target=\"_blank\">http:\/\/www.sepln.org\/en\/journal<\/a>, indexed in Clarivate ESCI and Elsevier SJR) in its September 2023 issue.<\/p>\n\n\n\n<p>Participants who decide to write a system description must follow these guidelines provided by the IberLEF organizers to ensure uniformity:<\/p>\n\n\n\n<p>&#8211; System description papers should be formatted according to <strong>the uniform 1-column CEURART style<\/strong>. Latex and Word templates can be found in:<a rel=\"noreferrer noopener\" href=\"https:\/\/ceur-ws.org\/Vol-XXX\/CEURART.zip\" target=\"_blank\"> https:\/\/ceur-ws.org\/Vol-XXX\/CEURART.zip<\/a>\u00a0<\/p>\n\n\n\n<p>&#8211; The minimum length of a regular paper should be 5 pages. There is no maximum page limit.<\/p>\n\n\n\n<p>&#8211; Papers must be written in English.<\/p>\n\n\n\n<p>&#8211; The copyright year command must be changed to \\copyrightyear{2023}.<\/p>\n\n\n\n<p>&#8211; The conference command must be changed to \\conference{IberLEF 2023, September 2023, Ja\u00e9n, Spain}<\/p>\n\n\n\n<p>&#8211; Eliminate the numbering in the pages of the paper, if there is one, and make sure that there are no headers or footnotes, except the mandatory copyright as a footnote on the first page.<\/p>\n\n\n\n<p>&#8211; Authors should be described with their name and their full affiliation (university and country). Names must be complete (no initials), e.g.\u00a0 \u201cMar\u00eda Garc\u00eda\u201d instead of \u201cM. Garc\u00eda\u201d.\u00a0\u00a0<\/p>\n\n\n\n<p>&#8211; Titles of papers should be in emphatic capital English notation, i.e., &#8220;Filling an Author Agreement by Autocompletion&#8221; rather than &#8220;Filling an author agreement by autocompletion&#8221;.<\/p>\n\n\n\n<p>&#8211; At least one author of each paper must sign the CEUR copyright agreement. The signed form must be sent along with the paper to the task organizers. Important: <strong>it must be physically signed with pen on paper<\/strong>. These are the two agreement variants, select the one that fits your case.\u00a0<\/p>\n\n\n\n<ol class=\"wp-block-list\">\n<li><a href=\"http:\/\/ceur-ws.org\/ceur-author-agreement-ccby-ntp.pdf?ver=2021-02-12\" target=\"_blank\" rel=\"noreferrer noopener\">AUTHOR-AGREEMENT (NTP)<\/a>: Authors shall use this form if they included no copyrighted third party material in their paper text (or accompanying sources, datasets). This is the right variant in most cases.<\/li>\n\n\n\n<li><a href=\"http:\/\/ceur-ws.org\/ceur-author-agreement-ccby-tp.pdf?ver=2021-02-12\" target=\"_blank\" rel=\"noreferrer noopener\">AUTHOR-AGREEMENT (TP)<\/a>: Authors shall use this form if they did include copyrighted third party material in their paper or accompanying material. They must then also attach a copy of the permission by the third party to use this material in the signed author agreement!<\/li>\n<\/ol>\n\n\n\n<p>&#8211; In the field <strong>Name and year of the event <\/strong>of the CEUR agreement should be written: IberLEF 2023. In the field <strong>Editors of the proceedings (editors)<\/strong>, the following names must appear: Manuel Montes-y-G\u00f3mez, Francisco Rangel, Salud Mar\u00eda Jim\u00e9nez-Zafra, Marco Casavantes, Bego\u00f1a Altuna, Miguel \u00c1ngel \u00c1lvarez Carmona, Gemma Bel-Enguix, Luis Chiruzzo, Iker de la Iglesia, Hugo Jair Escalante, Miguel \u00c1ngel Garc\u00eda-Cumbreras, Jos\u00e9 Antonio Garc\u00eda-D\u00edaz, Jos\u00e9 \u00c1ngel G\u00f3nzalez Barba, Roberto Labadie Tamayo, Salvador Lima, Pablo Moral, Flor Miriam Plaza del Arco, Rafael Valencia-Garc\u00eda<\/p>\n\n\n\n<p>&#8211; You must reference the overview paper in your paper. The reference to cite the overview paper is the following:<\/p>\n\n\n\n<ul class=\"wp-block-list\">\n<li>APA style: Citation coming soon!<\/li>\n\n\n\n<li>Bibtex: Citation coming soon!<\/li>\n<\/ul>\n\n\n\n<p>&#8211; The deadline to submit the working notes is: June 14th 2023. You will receive your paper review and acceptance notification by June 26th 2023. The camera-ready version (that is, the corrected version after reviewing) must be handed in by July 5th 2023.<\/p>\n","protected":false},"excerpt":{"rendered":"<p>Publications The MEDDOPLACE proceedings, as well participant papers, will be posted in this page after their publication. IberLEF 2023 Proceedings including the description of the participating systems will be published at CEUR-WS.org, while the Task Overviews will be published in the journal Natural Language Processing (http:\/\/www.sepln.org\/en\/journal, indexed in Clarivate ESCI and Elsevier SJR) in its [&hellip;]<\/p>\n","protected":false},"author":1,"featured_media":0,"parent":0,"menu_order":0,"comment_status":"closed","ping_status":"closed","template":"","meta":{"footnotes":""},"class_list":["post-26","page","type-page","status-publish","hentry"],"_links":{"self":[{"href":"https:\/\/temu.bsc.es\/meddoplace\/wp-json\/wp\/v2\/pages\/26","targetHints":{"allow":["GET"]}}],"collection":[{"href":"https:\/\/temu.bsc.es\/meddoplace\/wp-json\/wp\/v2\/pages"}],"about":[{"href":"https:\/\/temu.bsc.es\/meddoplace\/wp-json\/wp\/v2\/types\/page"}],"author":[{"embeddable":true,"href":"https:\/\/temu.bsc.es\/meddoplace\/wp-json\/wp\/v2\/users\/1"}],"replies":[{"embeddable":true,"href":"https:\/\/temu.bsc.es\/meddoplace\/wp-json\/wp\/v2\/comments?post=26"}],"version-history":[{"count":5,"href":"https:\/\/temu.bsc.es\/meddoplace\/wp-json\/wp\/v2\/pages\/26\/revisions"}],"predecessor-version":[{"id":274,"href":"https:\/\/temu.bsc.es\/meddoplace\/wp-json\/wp\/v2\/pages\/26\/revisions\/274"}],"wp:attachment":[{"href":"https:\/\/temu.bsc.es\/meddoplace\/wp-json\/wp\/v2\/media?parent=26"}],"curies":[{"name":"wp","href":"https:\/\/api.w.org\/{rel}","templated":true}]}}